{"id":1777,"date":"2024-08-17T18:26:34","date_gmt":"2024-08-17T16:26:34","guid":{"rendered":"https:\/\/juratex.ch\/offre\/"},"modified":"2024-12-10T13:16:34","modified_gmt":"2024-12-10T12:16:34","slug":"offerte","status":"publish","type":"page","link":"https:\/\/juratex.ch\/fr\/offerte\/","title":{"rendered":"Offre"},"content":{"rendered":"<div class=\"wpb-content-wrapper\"><p>[vc_row tm_bgimagefixed=\u00a0\u00bb\u00a0\u00bb full_width=\u00a0\u00bbstretch_row\u00a0\u00bb css=\u00a0\u00bb.vc_custom_1616504718821{padding-top: 0px !important;padding-bottom: 90px !important;}\u00a0\u00bb tm_responsive_css=\u00a0\u00bb11023922|colbreak_no|||||||||colbreak_no|||||45px||55px||colbreak_no||||||||||colbreak_no|||||||||\u00a0\u00bb][vc_column tm_bgcolor=\u00a0\u00bbwhite\u00a0\u00bb tm_shadow=\u00a0\u00bbyes\u00a0\u00bb css=\u00a0\u00bb.vc_custom_1616580667165{margin-top: -170px !important;padding-top: 40px !important;padding-right: 50px !important;padding-bottom: 50px !important;padding-left: 50px !important;}\u00a0\u00bb tm_responsive_css=\u00a0\u00bb12408977|colbreak_no|||||||||colbreak_no|-45px||||30px|30px|45px|30px|colbreak_no||||||||||colbreak_no|||||||||\u00a0\u00bb]<div class=\"tm-element-heading-wrapper tm-heading-inner tm-element-align-center tm-seperator-none tm-heading-style-vertical \"><section class=\"tm-vc_cta3-container\"><div class=\"tm-vc_general tm-vc_cta3 tm-cta3-only tm-vc_cta3-style-classic tm-vc_cta3-shape-rounded tm-vc_cta3-align-center tm-vc_cta3-color-transparent tm-vc_cta3-icon-size-md tm-vc_cta3-actions-no tm-cta3-without-desc\"><div class=\"tm-vc_cta3_content-container\"><div class=\"tm-vc_cta3-content\"><header class=\"tm-vc_cta3-content-header tm-wrap\"><div class=\"tm-vc_cta3-headers tm-wrap-cell\"><h2 class=\"tm-custom-heading \" >Demandez une offre sans <b>engagement<\/b><\/h2>\n<\/div><div class=\"heading-seperator\"><span><\/span><\/div><\/header><\/div><\/div><\/div><\/section><\/div> <!-- .tm-element-heading-wrapper container --> \n<div class=\"wpcf7 no-js\" id=\"wpcf7-f1776-o1\" lang=\"fr-FR\" dir=\"ltr\" data-wpcf7-id=\"1776\">\n<div class=\"screen-reader-response\"><p role=\"status\" aria-live=\"polite\" aria-atomic=\"true\"><\/p> <ul><\/ul><\/div>\n<form action=\"\/fr\/wp-json\/wp\/v2\/pages\/1777#wpcf7-f1776-o1\" method=\"post\" class=\"wpcf7-form init\" aria-label=\"Formulaire de contact\" novalidate=\"novalidate\" data-status=\"init\">\n<fieldset class=\"hidden-fields-container\"><input type=\"hidden\" name=\"_wpcf7\" value=\"1776\" \/><input type=\"hidden\" name=\"_wpcf7_version\" value=\"6.1.5\" \/><input type=\"hidden\" name=\"_wpcf7_locale\" value=\"fr_FR\" \/><input type=\"hidden\" name=\"_wpcf7_unit_tag\" value=\"wpcf7-f1776-o1\" \/><input type=\"hidden\" name=\"_wpcf7_container_post\" value=\"0\" \/><input type=\"hidden\" name=\"_wpcf7_posted_data_hash\" value=\"\" \/><input type=\"hidden\" name=\"_wpcf7_recaptcha_response\" value=\"\" \/>\n<\/fieldset>\n<p><label> Votre nom <span class=\"wpcf7-form-control-wrap\" data-name=\"your-name\"><input size=\"40\" maxlength=\"400\" class=\"wpcf7-form-control wpcf7-text wpcf7-validates-as-required\" autocomplete=\"name\" aria-required=\"true\" aria-invalid=\"false\" value=\"\" type=\"text\" name=\"your-name\" \/><\/span> <\/label>\n<\/p>\n<p><label> Votre email <span class=\"wpcf7-form-control-wrap\" data-name=\"your-email\"><input size=\"40\" maxlength=\"400\" class=\"wpcf7-form-control wpcf7-email wpcf7-validates-as-required wpcf7-text wpcf7-validates-as-email\" autocomplete=\"email\" aria-required=\"true\" aria-invalid=\"false\" value=\"\" type=\"email\" name=\"your-email\" \/><\/span> <\/label>\n<\/p>\n<p><label> Votre num\u00e9ro de t\u00e9l\u00e9phone pour les questions <span class=\"wpcf7-form-control-wrap\" data-name=\"your-telefon\"><input size=\"40\" maxlength=\"400\" class=\"wpcf7-form-control wpcf7-tel wpcf7-validates-as-required wpcf7-text wpcf7-validates-as-tel\" autocomplete=\"telefon\" aria-required=\"true\" aria-invalid=\"false\" value=\"\" type=\"tel\" name=\"your-telefon\" \/><\/span> <\/label>\n<\/p>\n<p><strong>Veuillez s\u00e9lectionner le type de finition <\/strong><br \/>\n<span class=\"wpcf7-form-control-wrap\" data-name=\"checkbox-Veredelung\"><span class=\"wpcf7-form-control wpcf7-checkbox wpcf7-validates-as-required wpcf7-exclusive-checkbox\"><span class=\"wpcf7-list-item first\"><label><input type=\"checkbox\" name=\"checkbox-Veredelung\" value=\"Broderie\" \/><span class=\"wpcf7-list-item-label\">Broderie<\/span><\/label><\/span><span class=\"wpcf7-list-item\"><label><input type=\"checkbox\" name=\"checkbox-Veredelung\" value=\"Impression\" \/><span class=\"wpcf7-list-item-label\">Impression<\/span><\/label><\/span><span class=\"wpcf7-list-item\"><label><input type=\"checkbox\" name=\"checkbox-Veredelung\" value=\"Broderie et imprim\u00e9s\" \/><span class=\"wpcf7-list-item-label\">Broderie et imprim\u00e9s<\/span><\/label><\/span><span class=\"wpcf7-list-item last\"><label><input type=\"checkbox\" name=\"checkbox-Veredelung\" value=\"Divers\" \/><span class=\"wpcf7-list-item-label\">Divers<\/span><\/label><\/span><\/span><\/span>\n<\/p>\n<p><strong>Veuillez s\u00e9lectionner les textiles que vous souhaitez personnaliser <\/strong><br \/>\n<span class=\"wpcf7-form-control-wrap\" data-name=\"Textilienart\"><span class=\"wpcf7-form-control wpcf7-checkbox wpcf7-validates-as-required\"><span class=\"wpcf7-list-item first\"><label><input type=\"checkbox\" name=\"Textilienart[]\" value=\"T-shirts\" \/><span class=\"wpcf7-list-item-label\">T-shirts<\/span><\/label><\/span><span class=\"wpcf7-list-item\"><label><input type=\"checkbox\" name=\"Textilienart[]\" value=\"Pulls\" \/><span class=\"wpcf7-list-item-label\">Pulls<\/span><\/label><\/span><span class=\"wpcf7-list-item\"><label><input type=\"checkbox\" name=\"Textilienart[]\" value=\"Hoodys\" \/><span class=\"wpcf7-list-item-label\">Hoodys<\/span><\/label><\/span><span class=\"wpcf7-list-item\"><label><input type=\"checkbox\" name=\"Textilienart[]\" value=\"Vestes\" \/><span class=\"wpcf7-list-item-label\">Vestes<\/span><\/label><\/span><span class=\"wpcf7-list-item\"><label><input type=\"checkbox\" name=\"Textilienart[]\" value=\"Vestes d&#039;hiver\" \/><span class=\"wpcf7-list-item-label\">Vestes d&#039;hiver<\/span><\/label><\/span><span class=\"wpcf7-list-item\"><label><input type=\"checkbox\" name=\"Textilienart[]\" value=\"Pantalons\" \/><span class=\"wpcf7-list-item-label\">Pantalons<\/span><\/label><\/span><span class=\"wpcf7-list-item\"><label><input type=\"checkbox\" name=\"Textilienart[]\" value=\"Chemises\" \/><span class=\"wpcf7-list-item-label\">Chemises<\/span><\/label><\/span><span class=\"wpcf7-list-item\"><label><input type=\"checkbox\" name=\"Textilienart[]\" value=\"Tabliers\" \/><span class=\"wpcf7-list-item-label\">Tabliers<\/span><\/label><\/span><span class=\"wpcf7-list-item\"><label><input type=\"checkbox\" name=\"Textilienart[]\" value=\"Serviettes\" \/><span class=\"wpcf7-list-item-label\">Serviettes<\/span><\/label><\/span><span class=\"wpcf7-list-item\"><label><input type=\"checkbox\" name=\"Textilienart[]\" value=\"Bonnets\/Caps\" \/><span class=\"wpcf7-list-item-label\">Bonnets\/Caps<\/span><\/label><\/span><span class=\"wpcf7-list-item last\"><label><input type=\"checkbox\" name=\"Textilienart[]\" value=\"Non list\u00e9\" \/><span class=\"wpcf7-list-item-label\">Non list\u00e9<\/span><\/label><\/span><\/span><\/span>\n<\/p>\n<p><label> Votre message pour nous (facultatif) <span class=\"wpcf7-form-control-wrap\" data-name=\"your-message\"><textarea cols=\"40\" rows=\"10\" maxlength=\"2000\" class=\"wpcf7-form-control wpcf7-textarea\" aria-invalid=\"false\" name=\"your-message\"><\/textarea><\/span> <\/label>\n<\/p>\n<p><strong> T\u00e9l\u00e9chargez votre logo\/graphique ici <\/strong><br \/>\n<span class=\"wpcf7-form-control-wrap\" data-name=\"Dateiupload\"><input size=\"40\" class=\"wpcf7-form-control wpcf7-drag-n-drop-file d-none\" aria-invalid=\"false\" type=\"file\" multiple=\"multiple\" data-name=\"Dateiupload\" data-id=\"1776\" data-version=\"free version 1.3.9.6\" accept=\".\" \/><\/span>\n<\/p>\n<p><input class=\"wpcf7-form-control wpcf7-submit has-spinner\" type=\"submit\" value=\"Envoyer une offre\" \/>\n<\/p><div class=\"wpcf7-response-output\" aria-hidden=\"true\"><\/div>\n<\/form>\n<\/div>\n[\/vc_column][\/vc_row][vc_row tm_bgimagefixed=\u00a0\u00bb\u00a0\u00bb break_in_responsive=\u00a0\u00bb991&Prime; full_width=\u00a0\u00bbstretch_row\u00a0\u00bb equal_height=\u00a0\u00bbyes\u00a0\u00bb css=\u00a0\u00bb.vc_custom_1616563183367{padding-top: 0px !important;padding-bottom: 90px !important;}\u00a0\u00bb tm_responsive_css=\u00a0\u00bb24827320|colbreak_no|||||||||colbreak_no|||||||30px||colbreak_no||||||||||colbreak_no|||||||||\u00a0\u00bb][vc_column width=\u00a0\u00bb5\/12&Prime;]<div class=\"themetechmount-pricelistbox-wrapper \"><div class=\"tm-pricelist-block-wrapper workhour-style1\"><ul class=\"tm-pricelist-block\"><li><span class=\"service-title\">lundi - mercredi<\/span><span class=\"service-price\">08:00 - 18:00 heures<\/span><\/li><li><span class=\"service-title\">Jeudi<\/span><span class=\"service-price\">08:00 - 12:00 heures<\/span><\/li><li><span class=\"service-title\">Vendredi<\/span><span class=\"service-price\">08:00 - 18:00 heures<\/span><\/li><li><span class=\"service-title\">Samedi et dimanche<\/span><span class=\"service-price\">Ferm\u00e9<\/span><\/li><\/ul> <!-- .tm-pricelist-block --><\/div><!-- .tm-pricelist-block-wrapper -->  <\/div>[\/vc_column][vc_column reduce_extra_padding=\u00a0\u00bb991&Prime; width=\u00a0\u00bb7\/12&Prime; css=\u00a0\u00bb.vc_custom_1616562471682{padding-top: 5px !important;padding-left: 55px !important;}\u00a0\u00bb tm_responsive_css=\u00a0\u00bb64263477|colbreak_no|||||||||colbreak_no|0px||||40px||||colbreak_no||||||||||colbreak_no|||||||||\u00a0\u00bb]<div class=\"tm-element-heading-wrapper tm-heading-inner tm-element-align-left tm-seperator-none tm-heading-style-vertical \"><section class=\"tm-vc_cta3-container\"><div class=\"tm-vc_general tm-vc_cta3 tm-cta3-only tm-vc_cta3-style-classic tm-vc_cta3-shape-rounded tm-vc_cta3-align-left tm-vc_cta3-color-transparent tm-vc_cta3-icon-size-md tm-vc_cta3-actions-no tm-cta3-without-desc\"><div class=\"tm-vc_cta3_content-container\"><div class=\"tm-vc_cta3-content\"><header class=\"tm-vc_cta3-content-header tm-wrap\"><div class=\"tm-vc_cta3-headers tm-wrap-cell\"><h2 class=\"tm-custom-heading \" >Vous nous trouverez <b>ici!<\/b><\/h2>\n<\/div><div class=\"heading-seperator\"><span><\/span><\/div><\/header><\/div><\/div><\/div><\/section><\/div> <!-- .tm-element-heading-wrapper container --> <h2 style=\"text-align:left;font-size:24px;line-height:35px;\" class=\"tm-custom-heading vc_custom_1723974356737\" >Bureau et atelier<\/h2>\n[vc_separator color=\u00a0\u00bbcustom\u00a0\u00bb css=\u00a0\u00bb.vc_custom_1616505784779{margin-bottom: 15px !important;}\u00a0\u00bb accent_color=\u00a0\u00bb#f3f3f3&Prime;][vc_row_inner css=\u00a0\u00bb.vc_custom_1616153273217{padding-top: 5px !important;padding-bottom: 7px !important;}\u00a0\u00bb][vc_column_inner]<div class=\"themetechmount-iconbox themetechmount-iconbox-stylenine \">\n\t<div class=\"themetechmount-iconbox-inner tm-boxicon-small tm-iconstyle-rounded\">\n\t\t<div class=\"tm-iconbox-wrapper tm-wrap\">\n\t\t\t<div class=\"themetechmount-iconbox-icon tm-wrap-cell\">\n\t\t\t\t<div class=\"tm-box-icon\"><i class=\"themifyicon ti-email\"><\/i><\/div>\t\n\t\t\t<\/div>\n\t\t\t<div class=\"themetechmount-iconbox-heading tm-wrap-cell\">\n\t\t\t\t<div class=\"tm-vc_general tm-vc_cta3 tm-cta3-only tm-vc_cta3-style-classic tm-vc_cta3-shape-rounded tm-vc_cta3-align-left tm-vc_cta3-color-transparent tm-vc_cta3-icon-size-md tm-vc_cta3-actions-no tm-cta3-with-desc\"><div class=\"tm-vc_cta3_content-container\"><div class=\"tm-vc_cta3-content\"><header class=\"tm-vc_cta3-content-header tm-wrap\"><div class=\"tm-vc_cta3-headers tm-wrap-cell\"><h2 class=\"tm-custom-heading \">Appelez-nous \/ Email<\/h2>\n<\/div><div class=\"heading-seperator\"><span><\/span><\/div><\/header><div class=\"tm-cta3-content-wrapper\"> <\/div><\/div><\/div><\/div>\t\t\t\t\t<div class=\"tm-iconbox-boxcontent\">\t\t\t\n\t\t\t\t\t<div class=\"tm-cta3-content-wrapper\"> +41 (0)78 611 37 37<br \/>\ninfo@juratex.ch<\/div>\t\t\t\t\t<\/div>\n\t\t\t<\/div>\t\n\t\t<\/div>\n\t<\/div>\t\n<\/div>\n[\/vc_column_inner][\/vc_row_inner][vc_separator color=\u00a0\u00bbcustom\u00a0\u00bb css=\u00a0\u00bb.vc_custom_1616505791427{margin-bottom: 15px !important;}\u00a0\u00bb accent_color=\u00a0\u00bb#f3f3f3&Prime;][\/vc_column][\/vc_row][vc_row tm_bgcolor=\u00a0\u00bbgrey\u00a0\u00bb tm_bgimagefixed=\u00a0\u00bb\u00a0\u00bb full_width=\u00a0\u00bbstretch_row\u00a0\u00bb css=\u00a0\u00bb.vc_custom_1616153564068{padding-top: 0px !important;padding-bottom: 0px !important;}\u00a0\u00bb][vc_column]<div class=\"themetechmount-boxes themetechmount-boxes-client themetechmount-boxes-view-carousel themetechmount-boxes-col-five themetechmount-boxes-sortable- themetechmount-boxes-textalign-center tm-cta3-rev-heading tm-boxes-carousel-arrow-round tm-boxes-carousel-arrows-hide\" data-tm-speed=\"1500\" data-tm-autoplay=\"1\" data-tm-autoplayspeed=\"4500\" data-tm-loop=\"1\" data-tm-dots=\"0\" data-tm-nav=\"hide\" data-tm-centermode=\"0\" data-tm-arrowtype=\"round\" data-tm-pauseonfocus=\"1\" data-tm-pauseonhover=\"1\" data-tm-slidestoscroll=\"1\" data-tm-effecttype=\"slide\">\n\t\t<div class=\"themetechmount-boxes-inner themetechmount-boxes-client-inner \"><\/div><!-- .themetechmount-boxes-inner -->   <\/div><!-- .themetechmount-boxes -->  [\/vc_column][\/vc_row]<\/p>\n<\/div>","protected":false},"excerpt":{"rendered":"<p>[vc_row tm_bgimagefixed=\u00a0\u00bb\u00a0\u00bb full_width=\u00a0\u00bbstretch_row\u00a0\u00bb css=\u00a0\u00bb.vc_custom_1616504718821{padding-top: 0px !important;padding-bottom: 90px !important;}\u00a0\u00bb tm_responsive_css=\u00a0\u00bb11023922|colbreak_no|||||||||colbreak_no|||||45px||55px||colbreak_no||||||||||colbreak_no|||||||||\u00a0\u00bb][vc_column tm_bgcolor=\u00a0\u00bbwhite\u00a0\u00bb tm_shadow=\u00a0\u00bbyes\u00a0\u00bb css=\u00a0\u00bb.vc_custom_1616580667165{margin-top: -170px !important;padding-top: 40px !important;padding-right: 50px !important;padding-bottom: 50px !important;padding-left: 50px !important;}\u00a0\u00bb tm_responsive_css=\u00a0\u00bb12408977|colbreak_no|||||||||colbreak_no|-45px||||30px|30px|45px|30px|colbreak_no||||||||||colbreak_no|||||||||\u00a0\u00bb][\/vc_column][\/vc_row][vc_row tm_bgimagefixed=\u00a0\u00bb\u00a0\u00bb break_in_responsive=\u00a0\u00bb991&Prime; full_width=\u00a0\u00bbstretch_row\u00a0\u00bb equal_height=\u00a0\u00bbyes\u00a0\u00bb css=\u00a0\u00bb.vc_custom_1616563183367{padding-top: 0px !important;padding-bottom: 90px !important;}\u00a0\u00bb tm_responsive_css=\u00a0\u00bb24827320|colbreak_no|||||||||colbreak_no|||||||30px||colbreak_no||||||||||colbreak_no|||||||||\u00a0\u00bb][vc_column width=\u00a0\u00bb5\/12&Prime;][\/vc_column][vc_column reduce_extra_padding=\u00a0\u00bb991&Prime; width=\u00a0\u00bb7\/12&Prime; css=\u00a0\u00bb.vc_custom_1616562471682{padding-top: 5px !important;padding-left: 55px !important;}\u00a0\u00bb tm_responsive_css=\u00a0\u00bb64263477|colbreak_no|||||||||colbreak_no|0px||||40px||||colbreak_no||||||||||colbreak_no|||||||||\u00a0\u00bb][vc_separator color=\u00a0\u00bbcustom\u00a0\u00bb css=\u00a0\u00bb.vc_custom_1616505784779{margin-bottom: 15px !important;}\u00a0\u00bb accent_color=\u00a0\u00bb#f3f3f3&Prime;][vc_row_inner css=\u00a0\u00bb.vc_custom_1616153273217{padding-top: 5px !important;padding-bottom: 7px !important;}\u00a0\u00bb][vc_column_inner][\/vc_column_inner][\/vc_row_inner][vc_separator color=\u00a0\u00bbcustom\u00a0\u00bb css=\u00a0\u00bb.vc_custom_1616505791427{margin-bottom: 15px &hellip; <a href=\"https:\/\/juratex.ch\/fr\/offerte\/\" class=\"more-link\">Continue reading <span class=\"screen-reader-text\">Offre<\/span><\/a><\/p>\n","protected":false},"author":1,"featured_media":0,"parent":0,"menu_order":0,"comment_status":"closed","ping_status":"closed","template":"","meta":{"footnotes":""},"class_list":["post-1777","page","type-page","status-publish","hentry"],"aioseo_notices":[],"_links":{"self":[{"href":"https:\/\/juratex.ch\/fr\/wp-json\/wp\/v2\/pages\/1777","targetHints":{"allow":["GET"]}}],"collection":[{"href":"https:\/\/juratex.ch\/fr\/wp-json\/wp\/v2\/pages"}],"about":[{"href":"https:\/\/juratex.ch\/fr\/wp-json\/wp\/v2\/types\/page"}],"author":[{"embeddable":true,"href":"https:\/\/juratex.ch\/fr\/wp-json\/wp\/v2\/users\/1"}],"replies":[{"embeddable":true,"href":"https:\/\/juratex.ch\/fr\/wp-json\/wp\/v2\/comments?post=1777"}],"version-history":[{"count":8,"href":"https:\/\/juratex.ch\/fr\/wp-json\/wp\/v2\/pages\/1777\/revisions"}],"predecessor-version":[{"id":2489,"href":"https:\/\/juratex.ch\/fr\/wp-json\/wp\/v2\/pages\/1777\/revisions\/2489"}],"wp:attachment":[{"href":"https:\/\/juratex.ch\/fr\/wp-json\/wp\/v2\/media?parent=1777"}],"curies":[{"name":"wp","href":"https:\/\/api.w.org\/{rel}","templated":true}]}}